{"id":365,"date":"2024-09-23T06:14:03","date_gmt":"2024-09-23T06:14:03","guid":{"rendered":"https:\/\/360moldingmachine.com\/?page_id=365"},"modified":"2024-09-23T06:50:07","modified_gmt":"2024-09-23T06:50:07","slug":"certificate","status":"publish","type":"page","link":"https:\/\/360moldingmachine.com\/vi\/certificate\/","title":{"rendered":"Gi\u1ea5y ch\u1ee9ng nh\u1eadn"},"content":{"rendered":"","protected":false},"excerpt":{"rendered":"","protected":false},"author":1,"featured_media":0,"parent":0,"menu_order":0,"comment_status":"closed","ping_status":"closed","template":"","meta":{"footnotes":""},"class_list":["post-365","page","type-page","status-publish","hentry"],"yoast_head":"<!-- This site is optimized with the Yoast SEO Premium plugin v20.5 (Yoast SEO v27.4) - https:\/\/yoast.com\/product\/yoast-seo-premium-wordpress\/ -->\n<title>Certificate - NING BO BONA MACHINERY CO.,LTD.<\/title>\n<meta name=\"robots\" content=\"index, follow, max-snippet:-1, max-image-preview:large, max-video-preview:-1\" \/>\n<link rel=\"canonical\" href=\"https:\/\/360moldingmachine.com\/vi\/certificate\/\" \/>\n<meta property=\"og:locale\" content=\"vi_VN\" \/>\n<meta property=\"og:type\" content=\"article\" \/>\n<meta property=\"og:title\" content=\"Certificate\" \/>\n<meta property=\"og:url\" content=\"https:\/\/360moldingmachine.com\/vi\/certificate\/\" \/>\n<meta property=\"og:site_name\" content=\"NING BO BONA MACHINERY CO.,LTD.\" \/>\n<meta property=\"article:modified_time\" content=\"2024-09-23T06:50:07+00:00\" \/>\n<meta name=\"twitter:card\" content=\"summary_large_image\" \/>\n<script type=\"application\/ld+json\" class=\"yoast-schema-graph\">{\"@context\":\"https:\\\/\\\/schema.org\",\"@graph\":[{\"@type\":\"WebPage\",\"@id\":\"https:\\\/\\\/360moldingmachine.com\\\/certificate\\\/\",\"url\":\"https:\\\/\\\/360moldingmachine.com\\\/certificate\\\/\",\"name\":\"Certificate - NING BO BONA MACHINERY CO.,LTD.\",\"isPartOf\":{\"@id\":\"https:\\\/\\\/360moldingmachine.com\\\/#website\"},\"datePublished\":\"2024-09-23T06:14:03+00:00\",\"dateModified\":\"2024-09-23T06:50:07+00:00\",\"breadcrumb\":{\"@id\":\"https:\\\/\\\/360moldingmachine.com\\\/certificate\\\/#breadcrumb\"},\"inLanguage\":\"vi\",\"potentialAction\":[{\"@type\":\"ReadAction\",\"target\":[\"https:\\\/\\\/360moldingmachine.com\\\/certificate\\\/\"]}]},{\"@type\":\"BreadcrumbList\",\"@id\":\"https:\\\/\\\/360moldingmachine.com\\\/certificate\\\/#breadcrumb\",\"itemListElement\":[{\"@type\":\"ListItem\",\"position\":1,\"name\":\"Home\",\"item\":\"https:\\\/\\\/360moldingmachine.com\\\/\"},{\"@type\":\"ListItem\",\"position\":2,\"name\":\"Certificate\"}]},{\"@type\":\"WebSite\",\"@id\":\"https:\\\/\\\/360moldingmachine.com\\\/#website\",\"url\":\"https:\\\/\\\/360moldingmachine.com\\\/\",\"name\":\"NING BO BONA MACHINERY CO.,LTD.\",\"description\":\"NING BO BONA MACHINERY CO.,LTD.\",\"publisher\":{\"@id\":\"https:\\\/\\\/360moldingmachine.com\\\/#organization\"},\"potentialAction\":[{\"@type\":\"SearchAction\",\"target\":{\"@type\":\"EntryPoint\",\"urlTemplate\":\"https:\\\/\\\/360moldingmachine.com\\\/?s={search_term_string}\"},\"query-input\":{\"@type\":\"PropertyValueSpecification\",\"valueRequired\":true,\"valueName\":\"search_term_string\"}}],\"inLanguage\":\"vi\"},{\"@type\":\"Organization\",\"@id\":\"https:\\\/\\\/360moldingmachine.com\\\/#organization\",\"name\":\"NING BO BONA MACHINERY CO.,LTD.\",\"url\":\"https:\\\/\\\/360moldingmachine.com\\\/\",\"logo\":{\"@type\":\"ImageObject\",\"inLanguage\":\"vi\",\"@id\":\"https:\\\/\\\/360moldingmachine.com\\\/#\\\/schema\\\/logo\\\/image\\\/\",\"url\":\"https:\\\/\\\/360moldingmachine.com\\\/wp-content\\\/uploads\\\/2024\\\/09\\\/logo21.png\",\"contentUrl\":\"https:\\\/\\\/360moldingmachine.com\\\/wp-content\\\/uploads\\\/2024\\\/09\\\/logo21.png\",\"width\":355,\"height\":364,\"caption\":\"NING BO BONA MACHINERY CO.,LTD.\"},\"image\":{\"@id\":\"https:\\\/\\\/360moldingmachine.com\\\/#\\\/schema\\\/logo\\\/image\\\/\"}}]}<\/script>\n<!-- \/ Yoast SEO Premium plugin. -->","yoast_head_json":{"title":"Certificate - NING BO BONA MACHINERY CO.,LTD.","robots":{"index":"index","follow":"follow","max-snippet":"max-snippet:-1","max-image-preview":"max-image-preview:large","max-video-preview":"max-video-preview:-1"},"canonical":"https:\/\/360moldingmachine.com\/vi\/certificate\/","og_locale":"vi_VN","og_type":"article","og_title":"Certificate","og_url":"https:\/\/360moldingmachine.com\/vi\/certificate\/","og_site_name":"NING BO BONA MACHINERY CO.,LTD.","article_modified_time":"2024-09-23T06:50:07+00:00","twitter_card":"summary_large_image","schema":{"@context":"https:\/\/schema.org","@graph":[{"@type":"WebPage","@id":"https:\/\/360moldingmachine.com\/certificate\/","url":"https:\/\/360moldingmachine.com\/certificate\/","name":"Certificate - NING BO BONA MACHINERY CO.,LTD.","isPartOf":{"@id":"https:\/\/360moldingmachine.com\/#website"},"datePublished":"2024-09-23T06:14:03+00:00","dateModified":"2024-09-23T06:50:07+00:00","breadcrumb":{"@id":"https:\/\/360moldingmachine.com\/certificate\/#breadcrumb"},"inLanguage":"vi","potentialAction":[{"@type":"ReadAction","target":["https:\/\/360moldingmachine.com\/certificate\/"]}]},{"@type":"BreadcrumbList","@id":"https:\/\/360moldingmachine.com\/certificate\/#breadcrumb","itemListElement":[{"@type":"ListItem","position":1,"name":"Home","item":"https:\/\/360moldingmachine.com\/"},{"@type":"ListItem","position":2,"name":"Certificate"}]},{"@type":"WebSite","@id":"https:\/\/360moldingmachine.com\/#website","url":"https:\/\/360moldingmachine.com\/","name":"C\u00d4NG TY TNHH M\u00c1Y NING BO BONA.","description":"C\u00d4NG TY TNHH M\u00c1Y NING BO BONA.","publisher":{"@id":"https:\/\/360moldingmachine.com\/#organization"},"potentialAction":[{"@type":"SearchAction","target":{"@type":"EntryPoint","urlTemplate":"https:\/\/360moldingmachine.com\/?s={search_term_string}"},"query-input":{"@type":"PropertyValueSpecification","valueRequired":true,"valueName":"search_term_string"}}],"inLanguage":"vi"},{"@type":"Organization","@id":"https:\/\/360moldingmachine.com\/#organization","name":"C\u00d4NG TY TNHH M\u00c1Y NING BO BONA.","url":"https:\/\/360moldingmachine.com\/","logo":{"@type":"ImageObject","inLanguage":"vi","@id":"https:\/\/360moldingmachine.com\/#\/schema\/logo\/image\/","url":"https:\/\/360moldingmachine.com\/wp-content\/uploads\/2024\/09\/logo21.png","contentUrl":"https:\/\/360moldingmachine.com\/wp-content\/uploads\/2024\/09\/logo21.png","width":355,"height":364,"caption":"NING BO BONA MACHINERY CO.,LTD."},"image":{"@id":"https:\/\/360moldingmachine.com\/#\/schema\/logo\/image\/"}}]}},"jetpack_sharing_enabled":true,"_links":{"self":[{"href":"https:\/\/360moldingmachine.com\/vi\/wp-json\/wp\/v2\/pages\/365","targetHints":{"allow":["GET"]}}],"collection":[{"href":"https:\/\/360moldingmachine.com\/vi\/wp-json\/wp\/v2\/pages"}],"about":[{"href":"https:\/\/360moldingmachine.com\/vi\/wp-json\/wp\/v2\/types\/page"}],"author":[{"embeddable":true,"href":"https:\/\/360moldingmachine.com\/vi\/wp-json\/wp\/v2\/users\/1"}],"replies":[{"embeddable":true,"href":"https:\/\/360moldingmachine.com\/vi\/wp-json\/wp\/v2\/comments?post=365"}],"version-history":[{"count":1,"href":"https:\/\/360moldingmachine.com\/vi\/wp-json\/wp\/v2\/pages\/365\/revisions"}],"predecessor-version":[{"id":366,"href":"https:\/\/360moldingmachine.com\/vi\/wp-json\/wp\/v2\/pages\/365\/revisions\/366"}],"wp:attachment":[{"href":"https:\/\/360moldingmachine.com\/vi\/wp-json\/wp\/v2\/media?parent=365"}],"curies":[{"name":"wp","href":"https:\/\/api.w.org\/{rel}","templated":true}]}}