{"id":504,"date":"2024-12-28T02:55:24","date_gmt":"2024-12-28T02:55:24","guid":{"rendered":"https:\/\/360moldingmachine.com\/?post_type=product&#038;p=504"},"modified":"2025-03-11T07:11:35","modified_gmt":"2025-03-11T07:11:35","slug":"bn218ii","status":"publish","type":"product","link":"https:\/\/360moldingmachine.com\/vi\/san-pham\/bn218ii\/","title":{"rendered":"BN218II"},"content":{"rendered":"","protected":false},"excerpt":{"rendered":"<ul>\n<li><strong>L\u01b0\u1ee3ng b\u1eafn (l\u00fd thuy\u1ebft):<\/strong> 374\uff0c461\uff0c558 cm\u00b3<\/li>\n<li><strong>Kh\u1ed1i l\u01b0\u1ee3ng ti\u00eam (ps): <\/strong>340,420,508g<\/li>\n<li><strong>L\u1ef1c k\u1eb9p:<\/strong> 2180 kN<\/li>\n<li><strong>N\u00e9t m\u1edf:<\/strong> 490mm<\/li>\n<li><strong>Kho\u1ea3ng c\u00e1ch gi\u1eefa c\u00e1c tie-ba (W \u00d7 H):<\/strong> 530 \u00d7 530mm<\/li>\n<li><strong>C\u00f4ng su\u1ea5t \u0111\u1ed9ng c\u01a1:<\/strong> 22kW<\/li>\n<\/ul>","protected":false},"featured_media":569,"comment_status":"closed","ping_status":"closed","template":"","meta":[],"product_brand":[],"product_cat":[25],"product_tag":[],"class_list":{"0":"post-504","1":"product","2":"type-product","3":"status-publish","4":"has-post-thumbnail","6":"product_cat-injection-molding-machines","7":"pa_-xx-5-2-x-1-45-x-2-2","8":"pa_-x-530-x-530-mm","9":"pa_--30-kw","10":"pa_-6-7-t","11":"pa_-220-550-mm","12":"pa_-490-mm","13":"pa_-17-5-mpa","14":"pa_-151-mpa","15":"pa_-184-mpa","16":"pa_-227-mpa","17":"pa_-170-g-s","18":"pa_-210-g-s","19":"pa_-253-g-s","20":"pa_-340-g","21":"pa_-420-g","22":"pa_-508-g","23":"pa_-374-cm","24":"pa_-461-cm","25":"pa_-558-cm","26":"pa_-15-5-kw","27":"pa_-45-mm","28":"pa_-50-mm","29":"pa_-55-mm","30":"pa_-20-5-l-d","31":"pa_-22-8-l-d","32":"pa_-23-l-d","33":"pa_-2180-kn","34":"pa_-62-kn","35":"pa_-165-mm","37":"first","38":"instock","39":"shipping-taxable","40":"product-type-external"},"yoast_head":"<!-- This site is optimized with the Yoast SEO Premium plugin v20.5 (Yoast SEO v27.4) - https:\/\/yoast.com\/product\/yoast-seo-premium-wordpress\/ -->\n<title>BN218II - NING BO BONA MACHINERY CO.,LTD.<\/title>\n<meta name=\"robots\" content=\"index, follow, max-snippet:-1, max-image-preview:large, max-video-preview:-1\" \/>\n<link rel=\"canonical\" href=\"https:\/\/360moldingmachine.com\/vi\/san-pham\/bn218ii\/\" \/>\n<meta property=\"og:locale\" content=\"vi_VN\" \/>\n<meta property=\"og:type\" content=\"article\" \/>\n<meta property=\"og:title\" content=\"BN218II\" \/>\n<meta property=\"og:description\" content=\"Shot volume (theoretical): 374\uff0c461\uff0c558 cm\u00b3  Injection weight (ps): 340\uff0c420\uff0c508 g  Clamping force: 2180 kN  Open stroke: 490 mm  Space between tie ba (W \u00d7 H): 530 \u00d7 530 mm  Motor power: 22 kW\" \/>\n<meta property=\"og:url\" content=\"https:\/\/360moldingmachine.com\/vi\/san-pham\/bn218ii\/\" \/>\n<meta property=\"og:site_name\" content=\"NING BO BONA MACHINERY CO.,LTD.\" \/>\n<meta property=\"article:modified_time\" content=\"2025-03-11T07:11:35+00:00\" \/>\n<meta property=\"og:image\" content=\"https:\/\/360moldingmachine.com\/wp-content\/uploads\/2024\/12\/BN218.webp\" \/>\n\t<meta property=\"og:image:width\" content=\"1000\" \/>\n\t<meta property=\"og:image:height\" content=\"1000\" \/>\n\t<meta property=\"og:image:type\" content=\"image\/webp\" \/>\n<meta name=\"twitter:card\" content=\"summary_large_image\" \/>\n<meta name=\"twitter:label1\" content=\"\u01af\u1edbc t\u00ednh th\u1eddi gian \u0111\u1ecdc\" \/>\n\t<meta name=\"twitter:data1\" content=\"1 ph\u00fat\" \/>\n<script type=\"application\/ld+json\" class=\"yoast-schema-graph\">{\"@context\":\"https:\\\/\\\/schema.org\",\"@graph\":[{\"@type\":\"WebPage\",\"@id\":\"https:\\\/\\\/360moldingmachine.com\\\/product\\\/bn218ii\\\/\",\"url\":\"https:\\\/\\\/360moldingmachine.com\\\/product\\\/bn218ii\\\/\",\"name\":\"BN218II - NING BO BONA MACHINERY CO.,LTD.\",\"isPartOf\":{\"@id\":\"https:\\\/\\\/360moldingmachine.com\\\/#website\"},\"primaryImageOfPage\":{\"@id\":\"https:\\\/\\\/360moldingmachine.com\\\/product\\\/bn218ii\\\/#primaryimage\"},\"image\":{\"@id\":\"https:\\\/\\\/360moldingmachine.com\\\/product\\\/bn218ii\\\/#primaryimage\"},\"thumbnailUrl\":\"https:\\\/\\\/360moldingmachine.com\\\/wp-content\\\/uploads\\\/2024\\\/12\\\/BN218.webp\",\"datePublished\":\"2024-12-28T02:55:24+00:00\",\"dateModified\":\"2025-03-11T07:11:35+00:00\",\"breadcrumb\":{\"@id\":\"https:\\\/\\\/360moldingmachine.com\\\/product\\\/bn218ii\\\/#breadcrumb\"},\"inLanguage\":\"vi\",\"potentialAction\":[{\"@type\":\"ReadAction\",\"target\":[\"https:\\\/\\\/360moldingmachine.com\\\/product\\\/bn218ii\\\/\"]}]},{\"@type\":\"ImageObject\",\"inLanguage\":\"vi\",\"@id\":\"https:\\\/\\\/360moldingmachine.com\\\/product\\\/bn218ii\\\/#primaryimage\",\"url\":\"https:\\\/\\\/360moldingmachine.com\\\/wp-content\\\/uploads\\\/2024\\\/12\\\/BN218.webp\",\"contentUrl\":\"https:\\\/\\\/360moldingmachine.com\\\/wp-content\\\/uploads\\\/2024\\\/12\\\/BN218.webp\",\"width\":1000,\"height\":1000},{\"@type\":\"BreadcrumbList\",\"@id\":\"https:\\\/\\\/360moldingmachine.com\\\/product\\\/bn218ii\\\/#breadcrumb\",\"itemListElement\":[{\"@type\":\"ListItem\",\"position\":1,\"name\":\"Home\",\"item\":\"https:\\\/\\\/360moldingmachine.com\\\/\"},{\"@type\":\"ListItem\",\"position\":2,\"name\":\"Product\",\"item\":\"https:\\\/\\\/360moldingmachine.com\\\/shop\\\/\"},{\"@type\":\"ListItem\",\"position\":3,\"name\":\"BN218II\"}]},{\"@type\":\"WebSite\",\"@id\":\"https:\\\/\\\/360moldingmachine.com\\\/#website\",\"url\":\"https:\\\/\\\/360moldingmachine.com\\\/\",\"name\":\"NING BO BONA MACHINERY CO.,LTD.\",\"description\":\"NING BO BONA MACHINERY CO.,LTD.\",\"publisher\":{\"@id\":\"https:\\\/\\\/360moldingmachine.com\\\/#organization\"},\"potentialAction\":[{\"@type\":\"SearchAction\",\"target\":{\"@type\":\"EntryPoint\",\"urlTemplate\":\"https:\\\/\\\/360moldingmachine.com\\\/?s={search_term_string}\"},\"query-input\":{\"@type\":\"PropertyValueSpecification\",\"valueRequired\":true,\"valueName\":\"search_term_string\"}}],\"inLanguage\":\"vi\"},{\"@type\":\"Organization\",\"@id\":\"https:\\\/\\\/360moldingmachine.com\\\/#organization\",\"name\":\"NING BO BONA MACHINERY CO.,LTD.\",\"url\":\"https:\\\/\\\/360moldingmachine.com\\\/\",\"logo\":{\"@type\":\"ImageObject\",\"inLanguage\":\"vi\",\"@id\":\"https:\\\/\\\/360moldingmachine.com\\\/#\\\/schema\\\/logo\\\/image\\\/\",\"url\":\"https:\\\/\\\/360moldingmachine.com\\\/wp-content\\\/uploads\\\/2024\\\/09\\\/logo21.png\",\"contentUrl\":\"https:\\\/\\\/360moldingmachine.com\\\/wp-content\\\/uploads\\\/2024\\\/09\\\/logo21.png\",\"width\":355,\"height\":364,\"caption\":\"NING BO BONA MACHINERY CO.,LTD.\"},\"image\":{\"@id\":\"https:\\\/\\\/360moldingmachine.com\\\/#\\\/schema\\\/logo\\\/image\\\/\"}}]}<\/script>\n<!-- \/ Yoast SEO Premium plugin. -->","yoast_head_json":{"title":"BN218II - NING BO BONA MACHINERY CO.,LTD.","robots":{"index":"index","follow":"follow","max-snippet":"max-snippet:-1","max-image-preview":"max-image-preview:large","max-video-preview":"max-video-preview:-1"},"canonical":"https:\/\/360moldingmachine.com\/vi\/san-pham\/bn218ii\/","og_locale":"vi_VN","og_type":"article","og_title":"BN218II","og_description":"Shot volume (theoretical): 374\uff0c461\uff0c558 cm\u00b3  Injection weight (ps): 340\uff0c420\uff0c508 g  Clamping force: 2180 kN  Open stroke: 490 mm  Space between tie ba (W \u00d7 H): 530 \u00d7 530 mm  Motor power: 22 kW","og_url":"https:\/\/360moldingmachine.com\/vi\/san-pham\/bn218ii\/","og_site_name":"NING BO BONA MACHINERY CO.,LTD.","article_modified_time":"2025-03-11T07:11:35+00:00","og_image":[{"width":1000,"height":1000,"url":"https:\/\/360moldingmachine.com\/wp-content\/uploads\/2024\/12\/BN218.webp","type":"image\/webp"}],"twitter_card":"summary_large_image","twitter_misc":{"\u01af\u1edbc t\u00ednh th\u1eddi gian \u0111\u1ecdc":"1 ph\u00fat"},"schema":{"@context":"https:\/\/schema.org","@graph":[{"@type":"WebPage","@id":"https:\/\/360moldingmachine.com\/product\/bn218ii\/","url":"https:\/\/360moldingmachine.com\/product\/bn218ii\/","name":"BN218II - NING BO BONA MACHINERY CO.,LTD.","isPartOf":{"@id":"https:\/\/360moldingmachine.com\/#website"},"primaryImageOfPage":{"@id":"https:\/\/360moldingmachine.com\/product\/bn218ii\/#primaryimage"},"image":{"@id":"https:\/\/360moldingmachine.com\/product\/bn218ii\/#primaryimage"},"thumbnailUrl":"https:\/\/360moldingmachine.com\/wp-content\/uploads\/2024\/12\/BN218.webp","datePublished":"2024-12-28T02:55:24+00:00","dateModified":"2025-03-11T07:11:35+00:00","breadcrumb":{"@id":"https:\/\/360moldingmachine.com\/product\/bn218ii\/#breadcrumb"},"inLanguage":"vi","potentialAction":[{"@type":"ReadAction","target":["https:\/\/360moldingmachine.com\/product\/bn218ii\/"]}]},{"@type":"ImageObject","inLanguage":"vi","@id":"https:\/\/360moldingmachine.com\/product\/bn218ii\/#primaryimage","url":"https:\/\/360moldingmachine.com\/wp-content\/uploads\/2024\/12\/BN218.webp","contentUrl":"https:\/\/360moldingmachine.com\/wp-content\/uploads\/2024\/12\/BN218.webp","width":1000,"height":1000},{"@type":"BreadcrumbList","@id":"https:\/\/360moldingmachine.com\/product\/bn218ii\/#breadcrumb","itemListElement":[{"@type":"ListItem","position":1,"name":"Home","item":"https:\/\/360moldingmachine.com\/"},{"@type":"ListItem","position":2,"name":"Product","item":"https:\/\/360moldingmachine.com\/shop\/"},{"@type":"ListItem","position":3,"name":"BN218II"}]},{"@type":"WebSite","@id":"https:\/\/360moldingmachine.com\/#website","url":"https:\/\/360moldingmachine.com\/","name":"C\u00d4NG TY TNHH M\u00c1Y NING BO BONA.","description":"C\u00d4NG TY TNHH M\u00c1Y NING BO BONA.","publisher":{"@id":"https:\/\/360moldingmachine.com\/#organization"},"potentialAction":[{"@type":"SearchAction","target":{"@type":"EntryPoint","urlTemplate":"https:\/\/360moldingmachine.com\/?s={search_term_string}"},"query-input":{"@type":"PropertyValueSpecification","valueRequired":true,"valueName":"search_term_string"}}],"inLanguage":"vi"},{"@type":"Organization","@id":"https:\/\/360moldingmachine.com\/#organization","name":"C\u00d4NG TY TNHH M\u00c1Y NING BO BONA.","url":"https:\/\/360moldingmachine.com\/","logo":{"@type":"ImageObject","inLanguage":"vi","@id":"https:\/\/360moldingmachine.com\/#\/schema\/logo\/image\/","url":"https:\/\/360moldingmachine.com\/wp-content\/uploads\/2024\/09\/logo21.png","contentUrl":"https:\/\/360moldingmachine.com\/wp-content\/uploads\/2024\/09\/logo21.png","width":355,"height":364,"caption":"NING BO BONA MACHINERY CO.,LTD."},"image":{"@id":"https:\/\/360moldingmachine.com\/#\/schema\/logo\/image\/"}}]}},"jetpack_sharing_enabled":true,"_links":{"self":[{"href":"https:\/\/360moldingmachine.com\/vi\/wp-json\/wp\/v2\/product\/504","targetHints":{"allow":["GET"]}}],"collection":[{"href":"https:\/\/360moldingmachine.com\/vi\/wp-json\/wp\/v2\/product"}],"about":[{"href":"https:\/\/360moldingmachine.com\/vi\/wp-json\/wp\/v2\/types\/product"}],"replies":[{"embeddable":true,"href":"https:\/\/360moldingmachine.com\/vi\/wp-json\/wp\/v2\/comments?post=504"}],"wp:featuredmedia":[{"embeddable":true,"href":"https:\/\/360moldingmachine.com\/vi\/wp-json\/wp\/v2\/media\/569"}],"wp:attachment":[{"href":"https:\/\/360moldingmachine.com\/vi\/wp-json\/wp\/v2\/media?parent=504"}],"wp:term":[{"taxonomy":"product_brand","embeddable":true,"href":"https:\/\/360moldingmachine.com\/vi\/wp-json\/wp\/v2\/product_brand?post=504"},{"taxonomy":"product_cat","embeddable":true,"href":"https:\/\/360moldingmachine.com\/vi\/wp-json\/wp\/v2\/product_cat?post=504"},{"taxonomy":"product_tag","embeddable":true,"href":"https:\/\/360moldingmachine.com\/vi\/wp-json\/wp\/v2\/product_tag?post=504"}],"curies":[{"name":"wp","href":"https:\/\/api.w.org\/{rel}","templated":true}]}}