{"id":529,"date":"2025-01-20T02:48:15","date_gmt":"2025-01-20T02:48:15","guid":{"rendered":"https:\/\/360moldingmachine.com\/?post_type=product&#038;p=529"},"modified":"2025-03-11T07:22:31","modified_gmt":"2025-03-11T07:22:31","slug":"bn268ii","status":"publish","type":"product","link":"https:\/\/360moldingmachine.com\/vi\/san-pham\/bn268ii\/","title":{"rendered":"BN268II"},"content":{"rendered":"","protected":false},"excerpt":{"rendered":"<ul>\n<li><strong>L\u01b0\u1ee3ng b\u1eafn (l\u00fd thuy\u1ebft):<\/strong> 520\uff0c630\uff0c750 cm\u00b3<\/li>\n<li><strong>Kh\u1ed1i l\u01b0\u1ee3ng ti\u00eam (ps): <\/strong>473,573,683g<\/li>\n<li><strong>L\u1ef1c k\u1eb9p:<\/strong> 2680 kN<\/li>\n<li><strong>N\u00e9t m\u1edf:<\/strong> 550mm<\/li>\n<li><strong>Kho\u1ea3ng c\u00e1ch gi\u1eefa c\u00e1c tie-ba (W \u00d7 H):<\/strong> 580 \u00d7 580mm<\/li>\n<li><strong>C\u00f4ng su\u1ea5t \u0111\u1ed9ng c\u01a1:<\/strong> 37kW<\/li>\n<\/ul>","protected":false},"featured_media":573,"comment_status":"closed","ping_status":"closed","template":"","meta":[],"product_brand":[],"product_cat":[25],"product_tag":[],"class_list":{"0":"post-529","1":"product","2":"type-product","3":"status-publish","4":"has-post-thumbnail","6":"product_cat-injection-molding-machines","7":"pa_-xx-5-7-x-1-55-x-2-2-m","8":"pa_-x-580-x-580-mm","9":"pa_--37-kw","10":"pa_-8-t","11":"pa_-220-580-mm","12":"pa_-550-mm","13":"pa_-17-5-mpa","14":"pa_-148-mpa","15":"pa_-175-mpa","16":"pa_-212-mpa","17":"pa_-202-g-s","18":"pa_-244-g-s","19":"pa_-292-g-s","20":"pa_-473-g","21":"pa_-573-g","22":"pa_-683-g","23":"pa_-520-cm","24":"pa_-630-cm","25":"pa_-750-cm","26":"pa_-16-3-kw","27":"pa_-50-mm","28":"pa_-55-mm","29":"pa_-60-mm","30":"pa_-20-6-l-d","31":"pa_-22-3-l-d","32":"pa_-22-7-l-d","33":"pa_-2680-kn","34":"pa_-62-kn","35":"pa_-165-mm","37":"first","38":"instock","39":"shipping-taxable","40":"product-type-external"},"yoast_head":"<!-- This site is optimized with the Yoast SEO Premium plugin v20.5 (Yoast SEO v27.4) - https:\/\/yoast.com\/product\/yoast-seo-premium-wordpress\/ -->\n<title>BN268II - NING BO BONA MACHINERY CO.,LTD.<\/title>\n<meta name=\"robots\" content=\"index, follow, max-snippet:-1, max-image-preview:large, max-video-preview:-1\" \/>\n<link rel=\"canonical\" href=\"https:\/\/360moldingmachine.com\/vi\/san-pham\/bn268ii\/\" \/>\n<meta property=\"og:locale\" content=\"vi_VN\" \/>\n<meta property=\"og:type\" content=\"article\" \/>\n<meta property=\"og:title\" content=\"BN268II\" \/>\n<meta property=\"og:description\" content=\"Shot volume (theoretical): 520\uff0c630\uff0c750 cm\u00b3  Injection weight (ps): 473\uff0c573\uff0c683 g  Clamping force: 2680 kN  Open stroke: 550 mm  Space between tie ba (W \u00d7 H): 580 \u00d7 580 mm  Motor power: 37 kW\" \/>\n<meta property=\"og:url\" content=\"https:\/\/360moldingmachine.com\/vi\/san-pham\/bn268ii\/\" \/>\n<meta property=\"og:site_name\" content=\"NING BO BONA MACHINERY CO.,LTD.\" \/>\n<meta property=\"article:modified_time\" content=\"2025-03-11T07:22:31+00:00\" \/>\n<meta property=\"og:image\" content=\"https:\/\/360moldingmachine.com\/wp-content\/uploads\/2025\/01\/BN268.webp\" \/>\n\t<meta property=\"og:image:width\" content=\"1000\" \/>\n\t<meta property=\"og:image:height\" content=\"1000\" \/>\n\t<meta property=\"og:image:type\" content=\"image\/webp\" \/>\n<meta name=\"twitter:card\" content=\"summary_large_image\" \/>\n<meta name=\"twitter:label1\" content=\"\u01af\u1edbc t\u00ednh th\u1eddi gian \u0111\u1ecdc\" \/>\n\t<meta name=\"twitter:data1\" content=\"1 ph\u00fat\" \/>\n<script type=\"application\/ld+json\" class=\"yoast-schema-graph\">{\"@context\":\"https:\\\/\\\/schema.org\",\"@graph\":[{\"@type\":\"WebPage\",\"@id\":\"https:\\\/\\\/360moldingmachine.com\\\/product\\\/bn268ii\\\/\",\"url\":\"https:\\\/\\\/360moldingmachine.com\\\/product\\\/bn268ii\\\/\",\"name\":\"BN268II - NING BO BONA MACHINERY CO.,LTD.\",\"isPartOf\":{\"@id\":\"https:\\\/\\\/360moldingmachine.com\\\/#website\"},\"primaryImageOfPage\":{\"@id\":\"https:\\\/\\\/360moldingmachine.com\\\/product\\\/bn268ii\\\/#primaryimage\"},\"image\":{\"@id\":\"https:\\\/\\\/360moldingmachine.com\\\/product\\\/bn268ii\\\/#primaryimage\"},\"thumbnailUrl\":\"https:\\\/\\\/360moldingmachine.com\\\/wp-content\\\/uploads\\\/2025\\\/01\\\/BN268.webp\",\"datePublished\":\"2025-01-20T02:48:15+00:00\",\"dateModified\":\"2025-03-11T07:22:31+00:00\",\"breadcrumb\":{\"@id\":\"https:\\\/\\\/360moldingmachine.com\\\/product\\\/bn268ii\\\/#breadcrumb\"},\"inLanguage\":\"vi\",\"potentialAction\":[{\"@type\":\"ReadAction\",\"target\":[\"https:\\\/\\\/360moldingmachine.com\\\/product\\\/bn268ii\\\/\"]}]},{\"@type\":\"ImageObject\",\"inLanguage\":\"vi\",\"@id\":\"https:\\\/\\\/360moldingmachine.com\\\/product\\\/bn268ii\\\/#primaryimage\",\"url\":\"https:\\\/\\\/360moldingmachine.com\\\/wp-content\\\/uploads\\\/2025\\\/01\\\/BN268.webp\",\"contentUrl\":\"https:\\\/\\\/360moldingmachine.com\\\/wp-content\\\/uploads\\\/2025\\\/01\\\/BN268.webp\",\"width\":1000,\"height\":1000},{\"@type\":\"BreadcrumbList\",\"@id\":\"https:\\\/\\\/360moldingmachine.com\\\/product\\\/bn268ii\\\/#breadcrumb\",\"itemListElement\":[{\"@type\":\"ListItem\",\"position\":1,\"name\":\"Home\",\"item\":\"https:\\\/\\\/360moldingmachine.com\\\/\"},{\"@type\":\"ListItem\",\"position\":2,\"name\":\"Product\",\"item\":\"https:\\\/\\\/360moldingmachine.com\\\/shop\\\/\"},{\"@type\":\"ListItem\",\"position\":3,\"name\":\"BN268II\"}]},{\"@type\":\"WebSite\",\"@id\":\"https:\\\/\\\/360moldingmachine.com\\\/#website\",\"url\":\"https:\\\/\\\/360moldingmachine.com\\\/\",\"name\":\"NING BO BONA MACHINERY CO.,LTD.\",\"description\":\"NING BO BONA MACHINERY CO.,LTD.\",\"publisher\":{\"@id\":\"https:\\\/\\\/360moldingmachine.com\\\/#organization\"},\"potentialAction\":[{\"@type\":\"SearchAction\",\"target\":{\"@type\":\"EntryPoint\",\"urlTemplate\":\"https:\\\/\\\/360moldingmachine.com\\\/?s={search_term_string}\"},\"query-input\":{\"@type\":\"PropertyValueSpecification\",\"valueRequired\":true,\"valueName\":\"search_term_string\"}}],\"inLanguage\":\"vi\"},{\"@type\":\"Organization\",\"@id\":\"https:\\\/\\\/360moldingmachine.com\\\/#organization\",\"name\":\"NING BO BONA MACHINERY CO.,LTD.\",\"url\":\"https:\\\/\\\/360moldingmachine.com\\\/\",\"logo\":{\"@type\":\"ImageObject\",\"inLanguage\":\"vi\",\"@id\":\"https:\\\/\\\/360moldingmachine.com\\\/#\\\/schema\\\/logo\\\/image\\\/\",\"url\":\"https:\\\/\\\/360moldingmachine.com\\\/wp-content\\\/uploads\\\/2024\\\/09\\\/logo21.png\",\"contentUrl\":\"https:\\\/\\\/360moldingmachine.com\\\/wp-content\\\/uploads\\\/2024\\\/09\\\/logo21.png\",\"width\":355,\"height\":364,\"caption\":\"NING BO BONA MACHINERY CO.,LTD.\"},\"image\":{\"@id\":\"https:\\\/\\\/360moldingmachine.com\\\/#\\\/schema\\\/logo\\\/image\\\/\"}}]}<\/script>\n<!-- \/ Yoast SEO Premium plugin. -->","yoast_head_json":{"title":"BN268II - NING BO BONA MACHINERY CO.,LTD.","robots":{"index":"index","follow":"follow","max-snippet":"max-snippet:-1","max-image-preview":"max-image-preview:large","max-video-preview":"max-video-preview:-1"},"canonical":"https:\/\/360moldingmachine.com\/vi\/san-pham\/bn268ii\/","og_locale":"vi_VN","og_type":"article","og_title":"BN268II","og_description":"Shot volume (theoretical): 520\uff0c630\uff0c750 cm\u00b3  Injection weight (ps): 473\uff0c573\uff0c683 g  Clamping force: 2680 kN  Open stroke: 550 mm  Space between tie ba (W \u00d7 H): 580 \u00d7 580 mm  Motor power: 37 kW","og_url":"https:\/\/360moldingmachine.com\/vi\/san-pham\/bn268ii\/","og_site_name":"NING BO BONA MACHINERY CO.,LTD.","article_modified_time":"2025-03-11T07:22:31+00:00","og_image":[{"width":1000,"height":1000,"url":"https:\/\/360moldingmachine.com\/wp-content\/uploads\/2025\/01\/BN268.webp","type":"image\/webp"}],"twitter_card":"summary_large_image","twitter_misc":{"\u01af\u1edbc t\u00ednh th\u1eddi gian \u0111\u1ecdc":"1 ph\u00fat"},"schema":{"@context":"https:\/\/schema.org","@graph":[{"@type":"WebPage","@id":"https:\/\/360moldingmachine.com\/product\/bn268ii\/","url":"https:\/\/360moldingmachine.com\/product\/bn268ii\/","name":"BN268II - NING BO BONA MACHINERY CO.,LTD.","isPartOf":{"@id":"https:\/\/360moldingmachine.com\/#website"},"primaryImageOfPage":{"@id":"https:\/\/360moldingmachine.com\/product\/bn268ii\/#primaryimage"},"image":{"@id":"https:\/\/360moldingmachine.com\/product\/bn268ii\/#primaryimage"},"thumbnailUrl":"https:\/\/360moldingmachine.com\/wp-content\/uploads\/2025\/01\/BN268.webp","datePublished":"2025-01-20T02:48:15+00:00","dateModified":"2025-03-11T07:22:31+00:00","breadcrumb":{"@id":"https:\/\/360moldingmachine.com\/product\/bn268ii\/#breadcrumb"},"inLanguage":"vi","potentialAction":[{"@type":"ReadAction","target":["https:\/\/360moldingmachine.com\/product\/bn268ii\/"]}]},{"@type":"ImageObject","inLanguage":"vi","@id":"https:\/\/360moldingmachine.com\/product\/bn268ii\/#primaryimage","url":"https:\/\/360moldingmachine.com\/wp-content\/uploads\/2025\/01\/BN268.webp","contentUrl":"https:\/\/360moldingmachine.com\/wp-content\/uploads\/2025\/01\/BN268.webp","width":1000,"height":1000},{"@type":"BreadcrumbList","@id":"https:\/\/360moldingmachine.com\/product\/bn268ii\/#breadcrumb","itemListElement":[{"@type":"ListItem","position":1,"name":"Home","item":"https:\/\/360moldingmachine.com\/"},{"@type":"ListItem","position":2,"name":"Product","item":"https:\/\/360moldingmachine.com\/shop\/"},{"@type":"ListItem","position":3,"name":"BN268II"}]},{"@type":"WebSite","@id":"https:\/\/360moldingmachine.com\/#website","url":"https:\/\/360moldingmachine.com\/","name":"C\u00d4NG TY TNHH M\u00c1Y NING BO BONA.","description":"C\u00d4NG TY TNHH M\u00c1Y NING BO BONA.","publisher":{"@id":"https:\/\/360moldingmachine.com\/#organization"},"potentialAction":[{"@type":"SearchAction","target":{"@type":"EntryPoint","urlTemplate":"https:\/\/360moldingmachine.com\/?s={search_term_string}"},"query-input":{"@type":"PropertyValueSpecification","valueRequired":true,"valueName":"search_term_string"}}],"inLanguage":"vi"},{"@type":"Organization","@id":"https:\/\/360moldingmachine.com\/#organization","name":"C\u00d4NG TY TNHH M\u00c1Y NING BO BONA.","url":"https:\/\/360moldingmachine.com\/","logo":{"@type":"ImageObject","inLanguage":"vi","@id":"https:\/\/360moldingmachine.com\/#\/schema\/logo\/image\/","url":"https:\/\/360moldingmachine.com\/wp-content\/uploads\/2024\/09\/logo21.png","contentUrl":"https:\/\/360moldingmachine.com\/wp-content\/uploads\/2024\/09\/logo21.png","width":355,"height":364,"caption":"NING BO BONA MACHINERY CO.,LTD."},"image":{"@id":"https:\/\/360moldingmachine.com\/#\/schema\/logo\/image\/"}}]}},"jetpack_sharing_enabled":true,"_links":{"self":[{"href":"https:\/\/360moldingmachine.com\/vi\/wp-json\/wp\/v2\/product\/529","targetHints":{"allow":["GET"]}}],"collection":[{"href":"https:\/\/360moldingmachine.com\/vi\/wp-json\/wp\/v2\/product"}],"about":[{"href":"https:\/\/360moldingmachine.com\/vi\/wp-json\/wp\/v2\/types\/product"}],"replies":[{"embeddable":true,"href":"https:\/\/360moldingmachine.com\/vi\/wp-json\/wp\/v2\/comments?post=529"}],"wp:featuredmedia":[{"embeddable":true,"href":"https:\/\/360moldingmachine.com\/vi\/wp-json\/wp\/v2\/media\/573"}],"wp:attachment":[{"href":"https:\/\/360moldingmachine.com\/vi\/wp-json\/wp\/v2\/media?parent=529"}],"wp:term":[{"taxonomy":"product_brand","embeddable":true,"href":"https:\/\/360moldingmachine.com\/vi\/wp-json\/wp\/v2\/product_brand?post=529"},{"taxonomy":"product_cat","embeddable":true,"href":"https:\/\/360moldingmachine.com\/vi\/wp-json\/wp\/v2\/product_cat?post=529"},{"taxonomy":"product_tag","embeddable":true,"href":"https:\/\/360moldingmachine.com\/vi\/wp-json\/wp\/v2\/product_tag?post=529"}],"curies":[{"name":"wp","href":"https:\/\/api.w.org\/{rel}","templated":true}]}}